{"id":740,"date":"2025-03-02T07:34:31","date_gmt":"2025-03-02T07:34:31","guid":{"rendered":"https:\/\/hs-estate.nl\/het-huurcontract-beeindigen\/"},"modified":"2025-03-26T09:26:27","modified_gmt":"2025-03-26T09:26:27","slug":"het-huurcontract-beeindigen","status":"publish","type":"page","link":"https:\/\/hs-estate.nl\/nl\/het-huurcontract-beeindigen\/","title":{"rendered":"Het huurcontract be\u00ebindigen"},"content":{"rendered":"\t\t<div data-elementor-type=\"wp-page\" data-elementor-id=\"740\" class=\"elementor elementor-740 elementor-281\">\n\t\t\t\t<div class=\"elementor-element elementor-element-1aa30b6 e-flex e-con-boxed e-con e-parent\" data-id=\"1aa30b6\" data-element_type=\"container\" data-e-type=\"container\" data-settings=\"{&quot;background_background&quot;:&quot;classic&quot;,&quot;ekit_has_onepagescroll_dot&quot;:&quot;yes&quot;}\">\n\t\t\t\t\t<div class=\"e-con-inner\">\n\t\t\t\t<div class=\"elementor-element elementor-element-0a3303d elementor-widget elementor-widget-heading\" data-id=\"0a3303d\" data-element_type=\"widget\" data-e-type=\"widget\" data-settings=\"{&quot;ekit_we_effect_on&quot;:&quot;none&quot;}\" data-widget_type=\"heading.default\">\n\t\t\t\t<div class=\"elementor-widget-container\">\n\t\t\t\t\t<h2 class=\"elementor-heading-title elementor-size-default\">Het huurcontract be\u00ebindigen<\/h2>\t\t\t\t<\/div>\n\t\t\t\t<\/div>\n\t\t\t\t\t<\/div>\n\t\t\t\t<\/div>\n\t\t<div class=\"elementor-element elementor-element-2403c30 e-flex e-con-boxed e-con e-parent\" data-id=\"2403c30\" data-element_type=\"container\" data-e-type=\"container\" data-settings=\"{&quot;ekit_has_onepagescroll_dot&quot;:&quot;yes&quot;}\">\n\t\t\t\t\t<div class=\"e-con-inner\">\n\t\t\t\t<div class=\"elementor-element elementor-element-bd3b35a elementor-widget elementor-widget-spacer\" data-id=\"bd3b35a\" data-element_type=\"widget\" data-e-type=\"widget\" data-settings=\"{&quot;ekit_we_effect_on&quot;:&quot;none&quot;}\" data-widget_type=\"spacer.default\">\n\t\t\t\t<div class=\"elementor-widget-container\">\n\t\t\t\t\t\t\t<div class=\"elementor-spacer\">\n\t\t\t<div class=\"elementor-spacer-inner\"><\/div>\n\t\t<\/div>\n\t\t\t\t\t\t<\/div>\n\t\t\t\t<\/div>\n\t\t\t\t<div class=\"elementor-element elementor-element-863f54d elementor-widget elementor-widget-heading\" data-id=\"863f54d\" data-element_type=\"widget\" data-e-type=\"widget\" data-settings=\"{&quot;ekit_we_effect_on&quot;:&quot;none&quot;}\" data-widget_type=\"heading.default\">\n\t\t\t\t<div class=\"elementor-widget-container\">\n\t\t\t\t\t<h2 class=\"elementor-heading-title elementor-size-default\">Be\u00ebindiging van de huurovereenkomst<\/h2>\t\t\t\t<\/div>\n\t\t\t\t<\/div>\n\t\t\t\t<div class=\"elementor-element elementor-element-55f91a1 elementor-widget elementor-widget-spacer\" data-id=\"55f91a1\" data-element_type=\"widget\" data-e-type=\"widget\" data-settings=\"{&quot;ekit_we_effect_on&quot;:&quot;none&quot;}\" data-widget_type=\"spacer.default\">\n\t\t\t\t<div class=\"elementor-widget-container\">\n\t\t\t\t\t\t\t<div class=\"elementor-spacer\">\n\t\t\t<div class=\"elementor-spacer-inner\"><\/div>\n\t\t<\/div>\n\t\t\t\t\t\t<\/div>\n\t\t\t\t<\/div>\n\t\t\t\t\t<\/div>\n\t\t\t\t<\/div>\n\t\t<div class=\"elementor-element elementor-element-64f84ce e-grid e-con-boxed e-con e-parent\" data-id=\"64f84ce\" data-element_type=\"container\" data-e-type=\"container\" data-settings=\"{&quot;ekit_has_onepagescroll_dot&quot;:&quot;yes&quot;}\">\n\t\t\t\t\t<div class=\"e-con-inner\">\n\t\t\t\t<div class=\"elementor-element elementor-element-305597d elementor-widget elementor-widget-text-editor\" data-id=\"305597d\" data-element_type=\"widget\" data-e-type=\"widget\" data-settings=\"{&quot;ekit_we_effect_on&quot;:&quot;none&quot;}\" data-widget_type=\"text-editor.default\">\n\t\t\t\t<div class=\"elementor-widget-container\">\n\t\t\t\t\t\t\t\t\t<h4>Be\u00ebindiging van de huur<\/h4><p>Als je je huurovereenkomst wilt be\u00ebindigen, moet je een opzegging indienen die ingaat op de <strong data-start=\"249\" data-end=\"309\">eerste dag van een nieuwe betalingsperiode (de 1e van de maand)<\/strong>. Er geldt een <strong data-start=\"313\" data-end=\"365\">minimale opzegtermijn van \u00e9\u00e9n volledige kalendermaand<\/strong>.<\/p><p data-start=\"378\" data-end=\"501\">U kunt uw huurovereenkomst <strong data-start=\"418\" data-end=\"445\">schriftelijk of via e-mail<\/strong> opzeggen op <strong data-start=\"449\" data-end=\"498\"><a rel=\"noopener\" data-start=\"451\" data-end=\"496\">info@hs-estate.nl<\/a><\/strong>. Bij voorkeur per e-mail.<\/p><p data-start=\"503\" data-end=\"725\">Zodra we je verzoek tot be\u00ebindiging hebben ontvangen, ontvang je van ons een bevestiging. Deze bevestiging bevat gedetailleerde instructies over de volgende stappen en de vereiste staat waarin de woning moet worden geretourneerd.<\/p><h4 data-start=\"94\" data-end=\"125\"><strong data-start=\"97\" data-end=\"123\">Huurbetalingen stoppen<\/strong><\/h4><p data-start=\"127\" data-end=\"386\">Als u een <strong data-start=\"142\" data-end=\"168\">automatische incasso<\/strong> heeft ingesteld bij <strong data-start=\"181\" data-end=\"194\">HS Estate<\/strong>, stopt deze automatisch op de datum dat uw huurovereenkomst eindigt. Als u de huurbetaling rechtstreeks via uw bank heeft geregeld, moet u <strong data-start=\"338\" data-end=\"383\">de betalingsmachtiging zelf annuleren.<\/strong><\/p><h4 data-start=\"393\" data-end=\"429\"><strong data-start=\"396\" data-end=\"427\">Water, elektriciteit en gas<\/strong><\/h4><p data-start=\"431\" data-end=\"702\">Je bent zelf verantwoordelijk voor <strong data-start=\"455\" data-end=\"488\">het opzeggen van de nutscontracten<\/strong> (water, elektriciteit en gas) en het doorgeven van de laatste meterstanden aan je nutsbedrijven. We vragen je ook vriendelijk om <strong data-start=\"608\" data-end=\"675\">ons de meterstanden te geven op de dag van je vertrek<\/strong> bij het inleveren van de sleutels.<\/p>\t\t\t\t\t\t\t\t<\/div>\n\t\t\t\t<\/div>\n\t\t\t\t<div class=\"elementor-element elementor-element-5b2a8c1 elementor-widget elementor-widget-text-editor\" data-id=\"5b2a8c1\" data-element_type=\"widget\" data-e-type=\"widget\" data-settings=\"{&quot;ekit_we_effect_on&quot;:&quot;none&quot;}\" data-widget_type=\"text-editor.default\">\n\t\t\t\t<div class=\"elementor-widget-container\">\n\t\t\t\t\t\t\t\t\t<h4 data-start=\"431\" data-end=\"702\"> <strong data-start=\"712\" data-end=\"739\">Terugbetaling waarborgsom<\/strong><\/h4><p data-start=\"743\" data-end=\"984\">Na een <strong data-start=\"751\" data-end=\"782\">geslaagde eindinspectie<\/strong> en <strong data-start=\"787\" data-end=\"809\">het inleveren van de sleutels<\/strong> (inclusief het overleggen van de meterstanden), verwerken we de terugbetaling van je <strong data-start=\"887\" data-end=\"907\">borg<\/strong>. Het bedrag wordt <strong data-start=\"961\" data-end=\"981\">binnen een maand<\/strong> op je bankrekening gestort. <\/p><h4 data-start=\"991\" data-end=\"1015\"><strong data-start=\"994\" data-end=\"1013\">Mail doorsturen<\/strong><\/h4><p data-start=\"1017\" data-end=\"1276\">We raden je aan om <strong data-start=\"1039\" data-end=\"1062\">je adres<\/strong> tijdig bij <strong data-start=\"1039\" data-end=\"1062\">te werken<\/strong> met alle relevante contactpersonen. Na het inleveren van de sleutels <strong data-start=\"1132\" data-end=\"1185\">is toegang tot de woning niet meer mogelijk<\/strong>. Je kunt gebruik maken van <strong data-start=\"1199\" data-end=\"1230\">de doorstuurservice van PostNL<\/strong> om ervoor te zorgen dat je je post blijft ontvangen.  <\/p><p data-start=\"1017\" data-end=\"1276\"> <\/p><h4 data-start=\"1283\" data-end=\"1316\"><strong data-start=\"1286\" data-end=\"1314\">Ketel of verwarmingssysteem<\/strong><\/h4><p data-start=\"1318\" data-end=\"1436\">Als je een <strong data-start=\"1332\" data-end=\"1367\">gehuurde ketel of verwarmingssysteem<\/strong> hebt, moet je <strong data-start=\"1378\" data-end=\"1405\">het abonnement opzeggen<\/strong> en zorgen dat het wordt verwijderd.<\/p><p data-start=\"1318\" data-end=\"1436\"> <\/p><h4 data-start=\"1443\" data-end=\"1471\"><strong data-start=\"1446\" data-end=\"1469\">Bulkafvalverwijdering<\/strong><\/h4><p data-start=\"1473\" data-end=\"1760\"><strong data-start=\"1480\" data-end=\"1514\">Laat geen groot afval<\/strong>, zoals houten planken, meubels of tapijten, op straat <strong data-start=\"1480\" data-end=\"1514\">achter<\/strong>. Dit kan overlast veroorzaken voor buren en is <strong data-start=\"1627\" data-end=\"1648\">bij wet verboden<\/strong>. De <strong data-start=\"1654\" data-end=\"1704\">gemeente biedt gratis ophaaldiensten<\/strong> aan, maar je moet wel <strong data-start=\"1719\" data-end=\"1757\">van tevoren een afspraak maken<\/strong>.  <\/p>\t\t\t\t\t\t\t\t<\/div>\n\t\t\t\t<\/div>\n\t\t\t\t\t<\/div>\n\t\t\t\t<\/div>\n\t\t<div class=\"elementor-element elementor-element-60a7f20 e-flex e-con-boxed e-con e-parent\" data-id=\"60a7f20\" data-element_type=\"container\" data-e-type=\"container\" data-settings=\"{&quot;background_background&quot;:&quot;classic&quot;,&quot;ekit_has_onepagescroll_dot&quot;:&quot;yes&quot;}\">\n\t\t\t\t\t<div class=\"e-con-inner\">\n\t\t\t\t<div class=\"elementor-element elementor-element-72c8dd0 elementor-widget elementor-widget-heading\" data-id=\"72c8dd0\" data-element_type=\"widget\" data-e-type=\"widget\" data-settings=\"{&quot;ekit_we_effect_on&quot;:&quot;none&quot;}\" data-widget_type=\"heading.default\">\n\t\t\t\t<div class=\"elementor-widget-container\">\n\t\t\t\t\t<h2 class=\"elementor-heading-title elementor-size-default\">Checklist na be\u00ebindiging van contract<\/h2>\t\t\t\t<\/div>\n\t\t\t\t<\/div>\n\t\t\t\t<div class=\"elementor-element elementor-element-bb3ff55 elementor-widget elementor-widget-text-editor\" data-id=\"bb3ff55\" data-element_type=\"widget\" data-e-type=\"widget\" data-settings=\"{&quot;ekit_we_effect_on&quot;:&quot;none&quot;}\" data-widget_type=\"text-editor.default\">\n\t\t\t\t<div class=\"elementor-widget-container\">\n\t\t\t\t\t\t\t\t\t<p>Op het moment van de eindinspectie moet je huurwoning (appartement of kamer) aan de volgende eisen voldoen:<\/p>\t\t\t\t\t\t\t\t<\/div>\n\t\t\t\t<\/div>\n\t\t\t\t<div class=\"elementor-element elementor-element-6e6dc54 elementor-widget elementor-widget-text-editor\" data-id=\"6e6dc54\" data-element_type=\"widget\" data-e-type=\"widget\" data-settings=\"{&quot;ekit_we_effect_on&quot;:&quot;none&quot;}\" data-widget_type=\"text-editor.default\">\n\t\t\t\t<div class=\"elementor-widget-container\">\n\t\t\t\t\t\t\t\t\t<p data-start=\"150\" data-end=\"271\"> <\/p><h5 data-start=\"273\" data-end=\"299\"><strong data-start=\"277\" data-end=\"297\">Algemene verhuizingen<\/strong><\/h5><p data-start=\"300\" data-end=\"376\">Tenzij ze worden overgenomen door de volgende huurder, moeten de volgende zaken worden verwijderd:<\/p><ul data-start=\"377\" data-end=\"992\"><li data-start=\"377\" data-end=\"508\">Spijkers, schroeven en andere bevestigingen van muren, vloeren en plafonds. Eventuele gaten moeten professioneel en netjes worden opgevuld. <\/li><li data-start=\"509\" data-end=\"635\">Vloerbedekking, inclusief parket, tegels, vinyl en ondertapijt. De vloer moet glad zijn en vrij van lijmresten. <\/li><li data-start=\"636\" data-end=\"768\">Zonneschermen, gordijnrails en beugels (inclusief externe raambekleding). Eventuele gaten moeten professioneel worden gerepareerd. <\/li><li data-start=\"769\" data-end=\"881\">Naamplaatjes, stickers en zelfklevende versieringen. Alle schade die wordt veroorzaakt door het verwijderen, moet op de juiste manier worden hersteld. <\/li><li data-start=\"882\" data-end=\"992\">Uitbouwen en andere constructies in de tuin of elders. Alle daaruit voortvloeiende schade moet worden hersteld. <\/li><\/ul><p> <\/p><h5 data-start=\"994\" data-end=\"1016\"><strong data-start=\"998\" data-end=\"1014\">Sleutels &amp; Sloten<\/strong><\/h5><ul data-start=\"1017\" data-end=\"1317\"><li data-start=\"1017\" data-end=\"1075\">Alle sleutels van binnendeuren moeten in het slot blijven.<\/li><li data-start=\"1076\" data-end=\"1317\">Alle sleutels van buitendeuren (voordeur, achterdeur, balkondeur, garagedeur, schuurdeur en berging) moeten bij de eindinspectie worden ingeleverd, inclusief eventuele duplicaten. Sleutels mogen nooit direct aan de volgende huurder worden gegeven. <\/li><\/ul><p> <\/p><h5 data-start=\"1319\" data-end=\"1350\"><strong data-start=\"1323\" data-end=\"1348\">Elektrisch &amp; Inrichting<\/strong><\/h5><ul data-start=\"1351\" data-end=\"1622\"><li data-start=\"1351\" data-end=\"1446\">Alle schakelaars en stopcontacten moeten onbeschadigd, ongelakt en in hun oorspronkelijke kleur zijn.<\/li><li data-start=\"1447\" data-end=\"1570\">Extra elektrische installaties (zoals losse kabels langs vloeren of plinten) moeten worden verwijderd.<\/li><li data-start=\"1571\" data-end=\"1622\">De originele deurbel moet blijven zitten.<\/li><\/ul><p> <\/p><h5 data-start=\"1624\" data-end=\"1661\"><strong data-start=\"1628\" data-end=\"1659\">Muren, plafonds en schilderwerk<\/strong><\/h5><ul data-start=\"1662\" data-end=\"1737\"><li data-start=\"1662\" data-end=\"1737\">Alle plafonds moeten in originele staat zijn en wit geschilderd.<\/li><\/ul><p> <\/p><h5 data-start=\"1739\" data-end=\"1786\"><strong data-start=\"1743\" data-end=\"1784\">Tuin &amp; buitenruimte (indien van toepassing)<\/strong><\/h5><ul data-start=\"1787\" data-end=\"2009\"><li data-start=\"1787\" data-end=\"1907\">De originele geplaveide oppervlakken (pad en terras) moeten intact en netjes zijn, zonder ontbrekende of verzakte tegels.<\/li><li data-start=\"1908\" data-end=\"2009\">De tuin moet goed onderhouden zijn, vrij van gaten waar planten of struiken zijn verwijderd.<\/li><\/ul><p> <\/p><h5 data-start=\"2011\" data-end=\"2039\"><strong data-start=\"2015\" data-end=\"2037\">Schoonmaak &amp; Reparaties<\/strong><\/h5><ul data-start=\"2040\" data-end=\"2578\"><li data-start=\"2040\" data-end=\"2152\">Alle kastjes, keukenoppervlakken, sanitaire voorzieningen en betegelde ruimtes moeten schoon en vrij van beschadigingen zijn.<\/li><li data-start=\"2153\" data-end=\"2219\">Sloten, handgrepen en andere hardware moeten goed werken.<\/li><li data-start=\"2220\" data-end=\"2410\">Als de verhuureenheid een individuele centrale verwarming heeft, moet het volgende aanwezig zijn:<br><ul data-start=\"2317\" data-end=\"2410\"><li data-start=\"2317\" data-end=\"2364\">Gebruiksaanwijzing of informatieblad<\/li><li data-start=\"2367\" data-end=\"2387\">Vulslang<\/li><li data-start=\"2390\" data-end=\"2410\">Bloedende sleutel<\/li><\/ul><\/li><li data-start=\"2411\" data-end=\"2498\">Beschadigde deuren, muren, sanitair en kranen moeten worden gerepareerd of vervangen.<\/li><li data-start=\"2499\" data-end=\"2578\">Tegels met gaten of andere schade moeten worden vervangen door identieke tegels.<\/li><\/ul><p data-start=\"2585\" data-end=\"2708\">Als je deze checklist volgt, zorg je voor een vlotte eindinspectie en een tijdige teruggave van je borg.<\/p><p data-start=\"2585\" data-end=\"2708\">Voor vragen kunt u contact opnemen met <strong data-start=\"2744\" data-end=\"2793\"><a href=\"mailto:info@hs-estate.nl\" rel=\"noopener\" data-start=\"2746\" data-end=\"2791\">info@hs-estate.nl<\/a><\/strong>.<\/p>\t\t\t\t\t\t\t\t<\/div>\n\t\t\t\t<\/div>\n\t\t\t\t\t<\/div>\n\t\t\t\t<\/div>\n\t\t\t\t<\/div>\n\t\t","protected":false},"excerpt":{"rendered":"<p>Het huurcontract be\u00ebindigen Be\u00ebindiging van de huurovereenkomst Be\u00ebindiging van de huur Als je je huurovereenkomst wilt be\u00ebindigen, moet je een opzegging indienen die ingaat op de eerste dag van een nieuwe betalingsperiode (de 1e van de maand). Er geldt een minimale opzegtermijn van \u00e9\u00e9n volledige kalendermaand. U kunt uw huurovereenkomst schriftelijk of via e-mail opzeggen [&hellip;]<\/p>\n","protected":false},"author":1,"featured_media":0,"parent":0,"menu_order":0,"comment_status":"closed","ping_status":"closed","template":"","meta":{"footnotes":""},"class_list":["post-740","page","type-page","status-publish","hentry"],"_links":{"self":[{"href":"https:\/\/hs-estate.nl\/nl\/wp-json\/wp\/v2\/pages\/740","targetHints":{"allow":["GET"]}}],"collection":[{"href":"https:\/\/hs-estate.nl\/nl\/wp-json\/wp\/v2\/pages"}],"about":[{"href":"https:\/\/hs-estate.nl\/nl\/wp-json\/wp\/v2\/types\/page"}],"author":[{"embeddable":true,"href":"https:\/\/hs-estate.nl\/nl\/wp-json\/wp\/v2\/users\/1"}],"replies":[{"embeddable":true,"href":"https:\/\/hs-estate.nl\/nl\/wp-json\/wp\/v2\/comments?post=740"}],"version-history":[{"count":4,"href":"https:\/\/hs-estate.nl\/nl\/wp-json\/wp\/v2\/pages\/740\/revisions"}],"predecessor-version":[{"id":803,"href":"https:\/\/hs-estate.nl\/nl\/wp-json\/wp\/v2\/pages\/740\/revisions\/803"}],"wp:attachment":[{"href":"https:\/\/hs-estate.nl\/nl\/wp-json\/wp\/v2\/media?parent=740"}],"curies":[{"name":"wp","href":"https:\/\/api.w.org\/{rel}","templated":true}]}}